{"id":602,"date":"2023-12-10T01:52:02","date_gmt":"2023-12-10T01:52:02","guid":{"rendered":"https:\/\/dev.ubizportugal.pt\/friends4travel\/?page_id=602"},"modified":"2023-12-10T01:55:49","modified_gmt":"2023-12-10T01:55:49","slug":"politica-de-privacidade","status":"publish","type":"page","link":"https:\/\/dev.ubizportugal.pt\/friends4travel\/politica-de-privacidade\/","title":{"rendered":"Pol\u00edtica de Privacidade"},"content":{"rendered":"\t\t<div data-elementor-type=\"wp-page\" data-elementor-id=\"602\" class=\"elementor elementor-602\" data-elementor-post-type=\"page\">\n\t\t\t\t\t\t\t<div class=\"elementor-element elementor-element-e19c2e7 e-flex e-con-boxed e-con e-parent\" data-id=\"e19c2e7\" data-element_type=\"container\" data-settings=\"{&quot;background_background&quot;:&quot;classic&quot;,&quot;content_width&quot;:&quot;boxed&quot;}\" data-core-v316-plus=\"true\">\n\t\t\t\t\t<div class=\"e-con-inner\">\n\t\t\t\t<div class=\"elementor-element elementor-element-cdd9e85 elementor-widget elementor-widget-spacer\" data-id=\"cdd9e85\" data-element_type=\"widget\" data-widget_type=\"spacer.default\">\n\t\t\t\t<div class=\"elementor-widget-container\">\n\t\t\t<style>\/*! elementor - v3.18.0 - 08-12-2023 *\/\n.elementor-column .elementor-spacer-inner{height:var(--spacer-size)}.e-con{--container-widget-width:100%}.e-con-inner>.elementor-widget-spacer,.e-con>.elementor-widget-spacer{width:var(--container-widget-width,var(--spacer-size));--align-self:var(--container-widget-align-self,initial);--flex-shrink:0}.e-con-inner>.elementor-widget-spacer>.elementor-widget-container,.e-con>.elementor-widget-spacer>.elementor-widget-container{height:100%;width:100%}.e-con-inner>.elementor-widget-spacer>.elementor-widget-container>.elementor-spacer,.e-con>.elementor-widget-spacer>.elementor-widget-container>.elementor-spacer{height:100%}.e-con-inner>.elementor-widget-spacer>.elementor-widget-container>.elementor-spacer>.elementor-spacer-inner,.e-con>.elementor-widget-spacer>.elementor-widget-container>.elementor-spacer>.elementor-spacer-inner{height:var(--container-widget-height,var(--spacer-size))}.e-con-inner>.elementor-widget-spacer.elementor-widget-empty,.e-con>.elementor-widget-spacer.elementor-widget-empty{position:relative;min-height:22px;min-width:22px}.e-con-inner>.elementor-widget-spacer.elementor-widget-empty .elementor-widget-empty-icon,.e-con>.elementor-widget-spacer.elementor-widget-empty .elementor-widget-empty-icon{position:absolute;top:0;bottom:0;left:0;right:0;margin:auto;padding:0;width:22px;height:22px}<\/style>\t\t<div class=\"elementor-spacer\">\n\t\t\t<div class=\"elementor-spacer-inner\"><\/div>\n\t\t<\/div>\n\t\t\t\t<\/div>\n\t\t\t\t<\/div>\n\t\t\t\t<div class=\"elementor-element elementor-element-0f49766 elementor-widget elementor-widget-heading\" data-id=\"0f49766\" data-element_type=\"widget\" data-widget_type=\"heading.default\">\n\t\t\t\t<div class=\"elementor-widget-container\">\n\t\t\t<style>\/*! elementor - v3.18.0 - 08-12-2023 *\/\n.elementor-heading-title{padding:0;margin:0;line-height:1}.elementor-widget-heading .elementor-heading-title[class*=elementor-size-]>a{color:inherit;font-size:inherit;line-height:inherit}.elementor-widget-heading .elementor-heading-title.elementor-size-small{font-size:15px}.elementor-widget-heading .elementor-heading-title.elementor-size-medium{font-size:19px}.elementor-widget-heading .elementor-heading-title.elementor-size-large{font-size:29px}.elementor-widget-heading .elementor-heading-title.elementor-size-xl{font-size:39px}.elementor-widget-heading .elementor-heading-title.elementor-size-xxl{font-size:59px}<\/style><h2 class=\"elementor-heading-title elementor-size-default\">Pol\u00edtica de Privacidade<\/h2>\t\t<\/div>\n\t\t\t\t<\/div>\n\t\t\t\t<div class=\"elementor-element elementor-element-6827759 elementor-widget elementor-widget-text-editor\" data-id=\"6827759\" data-element_type=\"widget\" data-widget_type=\"text-editor.default\">\n\t\t\t\t<div class=\"elementor-widget-container\">\n\t\t\t<style>\/*! elementor - v3.18.0 - 08-12-2023 *\/\n.elementor-widget-text-editor.elementor-drop-cap-view-stacked .elementor-drop-cap{background-color:#69727d;color:#fff}.elementor-widget-text-editor.elementor-drop-cap-view-framed .elementor-drop-cap{color:#69727d;border:3px solid;background-color:transparent}.elementor-widget-text-editor:not(.elementor-drop-cap-view-default) .elementor-drop-cap{margin-top:8px}.elementor-widget-text-editor:not(.elementor-drop-cap-view-default) .elementor-drop-cap-letter{width:1em;height:1em}.elementor-widget-text-editor .elementor-drop-cap{float:left;text-align:center;line-height:1;font-size:50px}.elementor-widget-text-editor .elementor-drop-cap-letter{display:inline-block}<\/style>\t\t\t\t<p data-pm-slice=\"1 1 []\">FRIENDS 4 TRAVEL garante a confidencialidade de todos os dados fornecidos durante o processo de visita e\/ou encomenda, em momento algum os seus dados ser\u00e3o cedidos a terceiros. Todos os dados s\u00e3o transmitidos para um servidor seguro protegido por um certificado de seguran\u00e7a SSL de 128 bits, que encripta\/codifica toda a informa\u00e7\u00e3o comunicada com a FRIENDS 4 TRAVEL. Poder\u00e1 verificar que a comunica\u00e7\u00e3o \u00e9 segura quando o s\u00edmbolo do cadeado aparecer no seu navegador de internet e quando o endere\u00e7o come\u00e7a com https. Todos os dados recolhidos t\u00eam como objetivo o processamento de pedidos de informa\u00e7\u00e3o e an\u00e1lise estat\u00edstica. Para efeitos de marketing direto, a FRIENDS 4 TRAVEL<br \/>apenas usa o endere\u00e7o de correio eletr\u00f3nico, n\u00e3o usando o n\u00famero de telem\u00f3vel para envios publicit\u00e1rios. Todos os utilizadores t\u00eam o direito de acesso, altera\u00e7\u00e3o e remo\u00e7\u00e3o dos seus dados. Caso deseje remover os seus dados da nossa Bases de Dados, poder\u00e1 faze-lo atrav\u00e9s dos nossos contatos. O uso do website FRIENDS 4 TRAVEL pressup\u00f5e a aceita\u00e7\u00e3o deste Acordo de privacidade. A equipa reserva-se ao direito de alterar este acordo sem aviso pr\u00e9vio. Deste modo, recomendamos que consulte a nossa pol\u00edtica de privacidade com regularidade de forma a estar sempre atualizado.<\/p><p><strong>DADOS RECOLHIDOS REGISTO<\/strong><\/p><p>Se deseja utilizar ou aceder a informa\u00e7\u00f5es da empresa ou ainda solicitar contactos iremos solicitar-lhe que se registe. No \u00e2mbito do registo, ir\u00e3o ser recolhidos os dados pessoais necess\u00e1rios \u00e0 forma\u00e7\u00e3o e cumprimento do contrato, por exemplo: o seu nome e apelidos, e-mail , bem como outros dados volunt\u00e1rios adicionais. Tal como outros websites, recolhemos e utilizamos informa\u00e7\u00e3o contida nos an\u00fancios. A informa\u00e7\u00e3o inclui o seu endere\u00e7o IP (Internet Protocol), o seu ISP (Internet Service Provider), o browser que utilizou ao visitar o nosso website (como o Internet Explorer ou o Firefox), o tempo da sua visita e que p\u00e1ginas visitou dentro do nosso website.<\/p><p><strong>Finalidade:<\/strong><br \/>Obter dados para verifica\u00e7\u00e3o do potencial cliente<br \/>\u2013 envio de campanhas, newsletter<br \/>\u2013 identificar o potencial cliente que nos faz o contacto para analise mercado<\/p><p><strong>DURA\u00c7\u00c3O DA CONSERVA\u00c7\u00c3O E PER\u00cdODOS DE RETEN\u00c7\u00c3O<\/strong><\/p><p>Por norma os seus dados ser\u00e3o guardados sempre que seja necess\u00e1rio para o cumprimento da finalidade para a qual foram obtidos, para o cumprimento do contrato, quando tivermos interesse leg\u00edtimo em os conservar (por exemplo, depois do cumprimento das nossas obriga\u00e7\u00f5es contratuais, podemos continuar a ter um interesse justificado no marketing via correio postal) ou quando tivermos de os manter para cumprir determinadas obriga\u00e7\u00f5es legais (por exemplo, em virtude das leis comerciais e fiscais existem determinados documentos, como contratos ou faturas, que somos obrigados a guardar durante o per\u00edodo estabelecido por lei). Findos os trabalhos \/ servi\u00e7os contratados ser\u00e3o removidas na totalidade todas as informa\u00e7\u00f5es cedidas pelos clientes garantindo a FRIENDS 4 TRAVEL que n\u00e3o s\u00e3o movidos, copiados ou transferidos a terceiros.<\/p><p><strong>O QUE S\u00c3O COOKIES?<\/strong><\/p><p>Um cookie \u00e9 um pequeno ficheiro de texto que um s\u00edtio Web instala no seu computador ou dispositivo m\u00f3vel quando o visita. Estes ficheiros permitem que durante um certo per\u00edodo de tempo o s\u00edtio Web se \u00ablembre\u00bb das suas a\u00e7\u00f5es e prefer\u00eancias, nomeadamente do nome de utilizador, da l\u00edngua escolhida, do tamanho dos carateres e de outras defini\u00e7\u00f5es de visualiza\u00e7\u00e3o. \u00c9 por isso que quando percorre as p\u00e1ginas de um s\u00edtio ou regressa a um s\u00edtio que j\u00e1 visitou n\u00e3o tem, em princ\u00edpio, de voltar a indicar as suas prefer\u00eancias quando regressa a um s\u00edtio.<\/p><p><strong>COMO UTILIZAMOS OS COOKIES?<\/strong><\/p><p>O nosso website usa cookies para gerir a navega\u00e7\u00e3o dos utilizadores, podendo essa gest\u00e3o ser efetuada pelo nosso site e por sites de entidades externas, para efeitos de an\u00e1lise estat\u00edstica. Os cookies do nosso site s\u00e3o utilizados para v\u00e1rios fins, nomeadamente:<\/p><p>Autentica\u00e7\u00e3o \u2013 com vista ao reconhecimento do utilizador durante a sua sess\u00e3o.<br \/>Seguran\u00e7a \u2013 para suportar os recursos de seguran\u00e7a implementados e detetar atividades maliciosas.<br \/>Prefer\u00eancias e an\u00e1lise de servi\u00e7os \u2013 para conhecer qual o idioma em uso na sess\u00e3o do utilizador e personalizar a sua navega\u00e7\u00e3o no site.<br \/>Estat\u00edsticas de utiliza\u00e7\u00e3o \u2013 para fornecer dados estat\u00edsticos an\u00f3nimos relativos \u00e0 utiliza\u00e7\u00e3o dos sites, como por exemplo, os sites de onde proveem, as p\u00e1ginas visitadas, o n\u00famero de visitantes e o software utilizado pelo cliente.<br \/>Ao navegar nos nossos sites estar\u00e1 a consentir a utiliza\u00e7\u00e3o dos cookies.<\/p><p><strong>COMO CONTROLAR OS COOKIES?<\/strong><\/p><p>Pode controlar e\/ou apagar os cookies que desejar. Pode apagar todos os cookies j\u00e1 instalados no seu computador ou dispositivo m\u00f3vel ou ativar uma op\u00e7\u00e3o dispon\u00edvel na maioria dos programas de navega\u00e7\u00e3o que impede a sua instala\u00e7\u00e3o. Mas se o fizer, poder\u00e1 ter de configurar manualmente algumas prefer\u00eancias sempre que visitar um s\u00edtio e corre o risco de desativar determinados servi\u00e7os e funcionalidades.<\/p><p><strong>DIREITO DE RECLAMA\u00c7\u00c3O \u00c0S AUTORIDADES DE CONTROLO<\/strong><\/p><p>Tem o direito de apresentar reclama\u00e7\u00f5es perante as Autoridades competentes. Para tal, pode dirigir-se \u00e0s autoridades de prote\u00e7\u00e3o de dados competentes da sua cidade ou regi\u00e3o, ou \u00e0s autoridades de prote\u00e7\u00e3o de dados competentes para a FABRICA DOS SONHOS, isto \u00e9: Comiss\u00e3o Nacional de Protec\u00e7\u00e3o de Dados, <a href=\"mailto:geral@cnpd.pt\">geral@cnpd.pt<\/a><\/p>\t\t\t\t\t\t<\/div>\n\t\t\t\t<\/div>\n\t\t\t\t<div class=\"elementor-element elementor-element-f6bda5e elementor-widget elementor-widget-spacer\" data-id=\"f6bda5e\" data-element_type=\"widget\" data-widget_type=\"spacer.default\">\n\t\t\t\t<div class=\"elementor-widget-container\">\n\t\t\t\t\t<div class=\"elementor-spacer\">\n\t\t\t<div class=\"elementor-spacer-inner\"><\/div>\n\t\t<\/div>\n\t\t\t\t<\/div>\n\t\t\t\t<\/div>\n\t\t\t\t\t<\/div>\n\t\t\t\t<\/div>\n\t\t<div class=\"elementor-element elementor-element-9db9bf5 e-flex e-con-boxed e-con e-parent\" data-id=\"9db9bf5\" data-element_type=\"container\" data-settings=\"{&quot;background_background&quot;:&quot;classic&quot;,&quot;content_width&quot;:&quot;boxed&quot;}\" data-core-v316-plus=\"true\">\n\t\t\t\t\t<div class=\"e-con-inner\">\n\t\t\t\t<div class=\"elementor-element elementor-element-df23f62 elementor-widget elementor-widget-spacer\" data-id=\"df23f62\" data-element_type=\"widget\" data-widget_type=\"spacer.default\">\n\t\t\t\t<div class=\"elementor-widget-container\">\n\t\t\t\t\t<div class=\"elementor-spacer\">\n\t\t\t<div class=\"elementor-spacer-inner\"><\/div>\n\t\t<\/div>\n\t\t\t\t<\/div>\n\t\t\t\t<\/div>\n\t\t\t\t\t<\/div>\n\t\t\t\t<\/div>\n\t\t\t\t\t\t\t<\/div>\n\t\t","protected":false},"excerpt":{"rendered":"<p>Pol\u00edtica de Privacidade FRIENDS 4 TRAVEL garante a confidencialidade de todos os dados fornecidos durante o processo de visita e\/ou encomenda, em momento algum os seus dados ser\u00e3o cedidos a terceiros. Todos os dados s\u00e3o transmitidos para um servidor seguro protegido por um certificado de seguran\u00e7a SSL de 128 bits, que encripta\/codifica toda a informa\u00e7\u00e3o [&hellip;]<\/p>\n","protected":false},"author":1,"featured_media":0,"parent":0,"menu_order":0,"comment_status":"closed","ping_status":"closed","template":"","meta":{"pmpro_default_level":0,"footnotes":""},"class_list":["post-602","page","type-page","status-publish","hentry","pmpro-has-access"],"acf":[],"aioseo_notices":[],"_links":{"self":[{"href":"https:\/\/dev.ubizportugal.pt\/friends4travel\/wp-json\/wp\/v2\/pages\/602","targetHints":{"allow":["GET"]}}],"collection":[{"href":"https:\/\/dev.ubizportugal.pt\/friends4travel\/wp-json\/wp\/v2\/pages"}],"about":[{"href":"https:\/\/dev.ubizportugal.pt\/friends4travel\/wp-json\/wp\/v2\/types\/page"}],"author":[{"embeddable":true,"href":"https:\/\/dev.ubizportugal.pt\/friends4travel\/wp-json\/wp\/v2\/users\/1"}],"replies":[{"embeddable":true,"href":"https:\/\/dev.ubizportugal.pt\/friends4travel\/wp-json\/wp\/v2\/comments?post=602"}],"version-history":[{"count":7,"href":"https:\/\/dev.ubizportugal.pt\/friends4travel\/wp-json\/wp\/v2\/pages\/602\/revisions"}],"predecessor-version":[{"id":613,"href":"https:\/\/dev.ubizportugal.pt\/friends4travel\/wp-json\/wp\/v2\/pages\/602\/revisions\/613"}],"wp:attachment":[{"href":"https:\/\/dev.ubizportugal.pt\/friends4travel\/wp-json\/wp\/v2\/media?parent=602"}],"curies":[{"name":"wp","href":"https:\/\/api.w.org\/{rel}","templated":true}]}}