{"id":531,"date":"2023-12-09T20:51:58","date_gmt":"2023-12-09T20:51:58","guid":{"rendered":"https:\/\/dev.ubizportugal.pt\/friends4travel\/?page_id=531"},"modified":"2023-12-10T18:17:38","modified_gmt":"2023-12-10T18:17:38","slug":"adn","status":"publish","type":"page","link":"https:\/\/dev.ubizportugal.pt\/friends4travel\/adn\/","title":{"rendered":"ADN"},"content":{"rendered":"\t\t<div data-elementor-type=\"wp-page\" data-elementor-id=\"531\" class=\"elementor elementor-531\" data-elementor-post-type=\"page\">\n\t\t\t\t\t\t\t<div class=\"elementor-element elementor-element-4bc4aa3 e-con-full e-flex e-con e-parent\" data-id=\"4bc4aa3\" data-element_type=\"container\" data-settings=\"{&quot;content_width&quot;:&quot;full&quot;,&quot;background_background&quot;:&quot;classic&quot;,&quot;shape_divider_bottom&quot;:&quot;triangle-asymmetrical&quot;,&quot;shape_divider_bottom_negative&quot;:&quot;yes&quot;}\" data-core-v316-plus=\"true\">\n\t\t\t\t<div class=\"elementor-shape elementor-shape-bottom\" data-negative=\"true\">\n\t\t\t<svg xmlns=\"http:\/\/www.w3.org\/2000\/svg\" viewBox=\"0 0 1000 100\" preserveAspectRatio=\"none\">\n\t<path class=\"elementor-shape-fill\" d=\"M737.9,94.7L0,0v100h1000V0L737.9,94.7z\"\/>\n<\/svg>\t\t<\/div>\n\t\t<div class=\"elementor-element elementor-element-80fa0ea e-con-full e-flex e-con e-child\" data-id=\"80fa0ea\" data-element_type=\"container\" data-settings=\"{&quot;content_width&quot;:&quot;full&quot;}\">\n\t\t<div class=\"elementor-element elementor-element-17b3761 e-con-full e-flex e-con e-child\" data-id=\"17b3761\" data-element_type=\"container\" data-settings=\"{&quot;content_width&quot;:&quot;full&quot;}\">\n\t\t\t\t<div class=\"elementor-element elementor-element-bc0f11a elementor-widget__width-initial elementor-invisible elementor-widget elementor-widget-image\" data-id=\"bc0f11a\" data-element_type=\"widget\" data-settings=\"{&quot;_animation&quot;:&quot;fadeInLeft&quot;}\" data-widget_type=\"image.default\">\n\t\t\t\t<div class=\"elementor-widget-container\">\n\t\t\t<style>\/*! elementor - v3.18.0 - 08-12-2023 *\/\n.elementor-widget-image{text-align:center}.elementor-widget-image a{display:inline-block}.elementor-widget-image a img[src$=\".svg\"]{width:48px}.elementor-widget-image img{vertical-align:middle;display:inline-block}<\/style>\t\t\t\t\t\t\t\t\t\t\t\t<img fetchpriority=\"high\" decoding=\"async\" width=\"800\" height=\"450\" src=\"https:\/\/dev.ubizportugal.pt\/friends4travel\/wp-content\/uploads\/2023\/12\/Fundador-Friends4Travel-Joao-Faria-1024x576.jpg\" class=\"attachment-large size-large wp-image-590\" alt=\"Fundador Friends4Travel Jo\u00e3o Faria\" srcset=\"https:\/\/dev.ubizportugal.pt\/friends4travel\/wp-content\/uploads\/2023\/12\/Fundador-Friends4Travel-Joao-Faria-1024x576.jpg 1024w, https:\/\/dev.ubizportugal.pt\/friends4travel\/wp-content\/uploads\/2023\/12\/Fundador-Friends4Travel-Joao-Faria-300x169.jpg 300w, https:\/\/dev.ubizportugal.pt\/friends4travel\/wp-content\/uploads\/2023\/12\/Fundador-Friends4Travel-Joao-Faria-768x432.jpg 768w, https:\/\/dev.ubizportugal.pt\/friends4travel\/wp-content\/uploads\/2023\/12\/Fundador-Friends4Travel-Joao-Faria-1536x864.jpg 1536w, https:\/\/dev.ubizportugal.pt\/friends4travel\/wp-content\/uploads\/2023\/12\/Fundador-Friends4Travel-Joao-Faria-600x338.jpg 600w, https:\/\/dev.ubizportugal.pt\/friends4travel\/wp-content\/uploads\/2023\/12\/Fundador-Friends4Travel-Joao-Faria.jpg 1920w\" sizes=\"(max-width: 800px) 100vw, 800px\" \/>\t\t\t\t\t\t\t\t\t\t\t\t\t\t\t<\/div>\n\t\t\t\t<\/div>\n\t\t<div class=\"elementor-element elementor-element-2395fd9 e-con-full e-flex elementor-invisible e-con e-child\" data-id=\"2395fd9\" data-element_type=\"container\" data-settings=\"{&quot;content_width&quot;:&quot;full&quot;,&quot;animation&quot;:&quot;fadeInRight&quot;}\">\n\t\t\t\t<div class=\"elementor-element elementor-element-11b8b7d elementor-widget elementor-widget-text-editor\" data-id=\"11b8b7d\" data-element_type=\"widget\" data-widget_type=\"text-editor.default\">\n\t\t\t\t<div class=\"elementor-widget-container\">\n\t\t\t<style>\/*! elementor - v3.18.0 - 08-12-2023 *\/\n.elementor-widget-text-editor.elementor-drop-cap-view-stacked .elementor-drop-cap{background-color:#69727d;color:#fff}.elementor-widget-text-editor.elementor-drop-cap-view-framed .elementor-drop-cap{color:#69727d;border:3px solid;background-color:transparent}.elementor-widget-text-editor:not(.elementor-drop-cap-view-default) .elementor-drop-cap{margin-top:8px}.elementor-widget-text-editor:not(.elementor-drop-cap-view-default) .elementor-drop-cap-letter{width:1em;height:1em}.elementor-widget-text-editor .elementor-drop-cap{float:left;text-align:center;line-height:1;font-size:50px}.elementor-widget-text-editor .elementor-drop-cap-letter{display:inline-block}<\/style>\t\t\t\t<p>3 de Julho de 1962<\/p>\t\t\t\t\t\t<\/div>\n\t\t\t\t<\/div>\n\t\t\t\t<\/div>\n\t\t\t\t<\/div>\n\t\t<div class=\"elementor-element elementor-element-3999442 e-con-full e-flex elementor-invisible e-con e-child\" data-id=\"3999442\" data-element_type=\"container\" data-settings=\"{&quot;content_width&quot;:&quot;full&quot;,&quot;animation&quot;:&quot;fadeInDown&quot;}\">\n\t\t<div class=\"elementor-element elementor-element-281b8a9 e-con-full e-flex e-con e-child\" data-id=\"281b8a9\" data-element_type=\"container\" data-settings=\"{&quot;content_width&quot;:&quot;full&quot;}\">\n\t\t\t\t<div class=\"elementor-element elementor-element-fdf0735 elementor-widget__width-initial elementor-widget elementor-widget-text-editor\" data-id=\"fdf0735\" data-element_type=\"widget\" data-widget_type=\"text-editor.default\">\n\t\t\t\t<div class=\"elementor-widget-container\">\n\t\t\t\t\t\t\t<ul><li><p>Spots publicit\u00e1rios para r\u00e1dio e televis\u00e3o<\/p><\/li><li><p>Locu\u00e7\u00e3o para cursos de e-learning para firmas\/empresas nacionais e estrangeiras (SantanderTotta, Avanzo, EDP, Isq-e, Grown-Ing,Navigator,BNP Paribas, BPI etc)<\/p><\/li><li><p>Programas l\u00fadicos para uma r\u00e1dio luso americana ( WJFD)<\/p><\/li><li><p>Locu\u00e7\u00e3o institucional na \u00e1rea da cultura<\/p><\/li><li><p>Locu\u00e7\u00e3o para \u00e1udio de livros infantis (Girassol Editores, FFMS \u2013 Funda\u00e7\u00e3o Francisco Manuel dos Santos)<\/p><\/li><li><p>Locu\u00e7\u00e3o para roteiros culturais e de viagens (Iclio,\u00a0Izi.travel)<\/p><\/li><\/ul>\t\t\t\t\t\t<\/div>\n\t\t\t\t<\/div>\n\t\t\t\t<div class=\"elementor-element elementor-element-9220c27 elementor-widget__width-initial elementor-widget elementor-widget-text-editor\" data-id=\"9220c27\" data-element_type=\"widget\" data-widget_type=\"text-editor.default\">\n\t\t\t\t<div class=\"elementor-widget-container\">\n\t\t\t\t\t\t\t<ul><li><p>Voz off para bancos, companhias de seguro (Santander Totta, Companhia de Seguros Lusit\u00e2nia)<\/p><\/li><li><p>Voz off para an\u00fancios comerciais nacionais e estrangeiros<\/p><\/li><li><p>Rubricas humor\u00edsticas para r\u00e1dio<\/p><\/li><li><p>Speaker em eventos<\/p><\/li><li><p>Formador na \u00e1rea da Locu\u00e7\u00e3o<\/p><\/li><li>Curso de r\u00e1dio &#8211; Universidade Aberta de Lisboa &#8211; UAL<\/li><\/ul>\t\t\t\t\t\t<\/div>\n\t\t\t\t<\/div>\n\t\t\t\t<div class=\"elementor-element elementor-element-fc58fa2 elementor-widget__width-initial elementor-widget elementor-widget-text-editor\" data-id=\"fc58fa2\" data-element_type=\"widget\" data-widget_type=\"text-editor.default\">\n\t\t\t\t<div class=\"elementor-widget-container\">\n\t\t\t\t\t\t\t<ul><li>Empresa de locu\u00e7\u00e3o Roda dos Sons, em Lisboa<\/li><li>Co-autor de 2 livros \u2013 \u201cL\u00edderes no s\u00e9culo XXI\u201d e &#8220;De Galinha a \u00c1guia &#8211; O Momento Para Voar&#8221;.<\/li><li>Um gui\u00e3o para uma pe\u00e7a de teatro (non sense) \u201cTelejornal Regional\u201d<\/li><li>3 mon\u00f3logos \u2013 \u201cA semana do V\u00edtor no escrit\u00f3rio, A semana do V\u00edtor no campo, A semana do V\u00edtor na praia\u201d<\/li><li>66 rubricas de non sense para r\u00e1dio.<\/li><\/ul>\t\t\t\t\t\t<\/div>\n\t\t\t\t<\/div>\n\t\t\t\t<\/div>\n\t\t\t\t<\/div>\n\t\t\t\t<\/div>\n\t\t\t\t<\/div>\n\t\t<div class=\"elementor-element elementor-element-2cd5524 e-con-full e-flex e-con e-parent\" data-id=\"2cd5524\" data-element_type=\"container\" data-settings=\"{&quot;content_width&quot;:&quot;full&quot;,&quot;background_background&quot;:&quot;classic&quot;,&quot;shape_divider_bottom&quot;:&quot;triangle-asymmetrical&quot;,&quot;shape_divider_bottom_negative&quot;:&quot;yes&quot;}\" data-core-v316-plus=\"true\">\n\t\t\t\t<div class=\"elementor-shape elementor-shape-bottom\" data-negative=\"true\">\n\t\t\t<svg xmlns=\"http:\/\/www.w3.org\/2000\/svg\" viewBox=\"0 0 1000 100\" preserveAspectRatio=\"none\">\n\t<path class=\"elementor-shape-fill\" d=\"M737.9,94.7L0,0v100h1000V0L737.9,94.7z\"\/>\n<\/svg>\t\t<\/div>\n\t\t<div class=\"elementor-element elementor-element-78fb9a7 e-con-full e-flex e-con e-child\" data-id=\"78fb9a7\" data-element_type=\"container\" data-settings=\"{&quot;content_width&quot;:&quot;full&quot;}\">\n\t\t<div class=\"elementor-element elementor-element-447261b e-con-full e-flex e-con e-child\" data-id=\"447261b\" data-element_type=\"container\" data-settings=\"{&quot;content_width&quot;:&quot;full&quot;}\">\n\t\t\t\t<div class=\"elementor-element elementor-element-f287d44 elementor-widget__width-initial elementor-invisible elementor-widget elementor-widget-image\" data-id=\"f287d44\" data-element_type=\"widget\" data-settings=\"{&quot;_animation&quot;:&quot;fadeInLeft&quot;}\" data-widget_type=\"image.default\">\n\t\t\t\t<div class=\"elementor-widget-container\">\n\t\t\t\t\t\t\t\t\t\t\t\t\t\t\t<img decoding=\"async\" width=\"800\" height=\"450\" src=\"https:\/\/dev.ubizportugal.pt\/friends4travel\/wp-content\/uploads\/2023\/12\/Fundadora-Friends4Travel-Cristina-Murteira-1024x576.jpg\" class=\"attachment-large size-large wp-image-577\" alt=\"Fundadora Friends4Travel Cristina Murteira\" srcset=\"https:\/\/dev.ubizportugal.pt\/friends4travel\/wp-content\/uploads\/2023\/12\/Fundadora-Friends4Travel-Cristina-Murteira-1024x576.jpg 1024w, https:\/\/dev.ubizportugal.pt\/friends4travel\/wp-content\/uploads\/2023\/12\/Fundadora-Friends4Travel-Cristina-Murteira-300x169.jpg 300w, https:\/\/dev.ubizportugal.pt\/friends4travel\/wp-content\/uploads\/2023\/12\/Fundadora-Friends4Travel-Cristina-Murteira-768x432.jpg 768w, https:\/\/dev.ubizportugal.pt\/friends4travel\/wp-content\/uploads\/2023\/12\/Fundadora-Friends4Travel-Cristina-Murteira-1536x864.jpg 1536w, https:\/\/dev.ubizportugal.pt\/friends4travel\/wp-content\/uploads\/2023\/12\/Fundadora-Friends4Travel-Cristina-Murteira-600x338.jpg 600w, https:\/\/dev.ubizportugal.pt\/friends4travel\/wp-content\/uploads\/2023\/12\/Fundadora-Friends4Travel-Cristina-Murteira.jpg 1920w\" sizes=\"(max-width: 800px) 100vw, 800px\" \/>\t\t\t\t\t\t\t\t\t\t\t\t\t\t\t<\/div>\n\t\t\t\t<\/div>\n\t\t\t\t<\/div>\n\t\t<div class=\"elementor-element elementor-element-d1005f1 e-con-full e-flex elementor-invisible e-con e-child\" data-id=\"d1005f1\" data-element_type=\"container\" data-settings=\"{&quot;content_width&quot;:&quot;full&quot;,&quot;animation&quot;:&quot;fadeInRight&quot;}\">\n\t\t\t\t<div class=\"elementor-element elementor-element-6193c03 elementor-widget elementor-widget-text-editor\" data-id=\"6193c03\" data-element_type=\"widget\" data-widget_type=\"text-editor.default\">\n\t\t\t\t<div class=\"elementor-widget-container\">\n\t\t\t\t\t\t\t<p>21 Novembro 1971<\/p>\t\t\t\t\t\t<\/div>\n\t\t\t\t<\/div>\n\t\t\t\t<\/div>\n\t\t<div class=\"elementor-element elementor-element-79d5131 e-con-full e-flex elementor-invisible e-con e-child\" data-id=\"79d5131\" data-element_type=\"container\" data-settings=\"{&quot;content_width&quot;:&quot;full&quot;,&quot;animation&quot;:&quot;fadeInDown&quot;}\">\n\t\t<div class=\"elementor-element elementor-element-d7872b1 e-con-full e-flex e-con e-child\" data-id=\"d7872b1\" data-element_type=\"container\" data-settings=\"{&quot;content_width&quot;:&quot;full&quot;}\">\n\t\t\t\t<div class=\"elementor-element elementor-element-5111498 elementor-widget__width-initial elementor-widget elementor-widget-text-editor\" data-id=\"5111498\" data-element_type=\"widget\" data-widget_type=\"text-editor.default\">\n\t\t\t\t<div class=\"elementor-widget-container\">\n\t\t\t\t\t\t\t<ul><li>Hospedeira pelo grupo Opel Fernando Sim\u00e3o fazendo apoio feiras no Porto na Exponor<\/li><li>Promotora im\u00f3veis tur\u00edsticos no Algarve e Sul de Espanha vivendo um bom tempo na zona de Marbela , Sul de Espanha assim como no Algarve<\/li><li>Cria a sua 1\u00aa empresa em 1996 a MCE Promo\u00e7\u00f5es tur\u00edsticas que oferecia promo\u00e7\u00f5es em 12 pa\u00edses , ate 2002 desenhou mais de 3000 roteiros e planos de viagem .<\/li><li>Respons\u00e1vel pelo plano de marketing e comercial faz protocolos com marcas nacionais e internacionais tais como Grupo da Opel, Pronoivas, entre outros<\/li><li>Segue sempre a \u00e1rea comercial e negocia\u00e7\u00e3o tendo forma\u00e7\u00e3o na \u00e1rea passa por empresas como Optimus (atual NOS) e posteriormente por quase uma d\u00e9cada no operador VODAFONE , sempre na \u00e1rea de neg\u00f3cios<\/li><\/ul>\t\t\t\t\t\t<\/div>\n\t\t\t\t<\/div>\n\t\t\t\t<div class=\"elementor-element elementor-element-21029ee elementor-widget__width-initial elementor-widget elementor-widget-text-editor\" data-id=\"21029ee\" data-element_type=\"widget\" data-widget_type=\"text-editor.default\">\n\t\t\t\t<div class=\"elementor-widget-container\">\n\t\t\t\t\t\t\t<ul><li>Em 2009 \u00e9 convidada num projeto pioneiro americano na \u00e1rea de marketing AI CORPORATION j\u00e1 em v\u00e1rios pa\u00edses e a entrar na Europa onde ap\u00f3s v\u00e1rios meses assume a marca e inicia abertura de lojas, em v\u00e1rias cidades .<\/li><li>Em 2013 adquire a licen\u00e7a nacional e posteriormente outra da App UBIZ lan\u00e7ada em 2019 .Entra no \u00e1rea da pol\u00edtica e faz protocolos com C\u00e2maras inicia organiza\u00e7\u00e3o de eventos e congressos no campo da comunica\u00e7\u00e3o dos mesmos passo a passa atrav\u00e9s da app tendo feito o 1\u00ba Congresso com v\u00e1rios partidos pol\u00edticos , 1\u00ba ministro Ant\u00f3nio Costa e mais 2000 congressistas e jornalistas. Mant\u00e9m-se como diretora da ag\u00eancia at\u00e9 \u00e0 data.<\/li><\/ul>\t\t\t\t\t\t<\/div>\n\t\t\t\t<\/div>\n\t\t\t\t<\/div>\n\t\t\t\t<\/div>\n\t\t\t\t<\/div>\n\t\t\t\t<\/div>\n\t\t\t\t\t\t\t<\/div>\n\t\t","protected":false},"excerpt":{"rendered":"<p>3 de Julho de 1962 Spots publicit\u00e1rios para r\u00e1dio e televis\u00e3o Locu\u00e7\u00e3o para cursos de e-learning para firmas\/empresas nacionais e estrangeiras (SantanderTotta, Avanzo, EDP, Isq-e, Grown-Ing,Navigator,BNP Paribas, BPI etc) Programas l\u00fadicos para uma r\u00e1dio luso americana ( WJFD) Locu\u00e7\u00e3o institucional na \u00e1rea da cultura Locu\u00e7\u00e3o para \u00e1udio de livros infantis (Girassol Editores, FFMS \u2013 Funda\u00e7\u00e3o [&hellip;]<\/p>\n","protected":false},"author":1,"featured_media":0,"parent":0,"menu_order":0,"comment_status":"closed","ping_status":"closed","template":"","meta":{"pmpro_default_level":0,"footnotes":""},"class_list":["post-531","page","type-page","status-publish","hentry","pmpro-has-access"],"acf":[],"aioseo_notices":[],"_links":{"self":[{"href":"https:\/\/dev.ubizportugal.pt\/friends4travel\/wp-json\/wp\/v2\/pages\/531","targetHints":{"allow":["GET"]}}],"collection":[{"href":"https:\/\/dev.ubizportugal.pt\/friends4travel\/wp-json\/wp\/v2\/pages"}],"about":[{"href":"https:\/\/dev.ubizportugal.pt\/friends4travel\/wp-json\/wp\/v2\/types\/page"}],"author":[{"embeddable":true,"href":"https:\/\/dev.ubizportugal.pt\/friends4travel\/wp-json\/wp\/v2\/users\/1"}],"replies":[{"embeddable":true,"href":"https:\/\/dev.ubizportugal.pt\/friends4travel\/wp-json\/wp\/v2\/comments?post=531"}],"version-history":[{"count":43,"href":"https:\/\/dev.ubizportugal.pt\/friends4travel\/wp-json\/wp\/v2\/pages\/531\/revisions"}],"predecessor-version":[{"id":883,"href":"https:\/\/dev.ubizportugal.pt\/friends4travel\/wp-json\/wp\/v2\/pages\/531\/revisions\/883"}],"wp:attachment":[{"href":"https:\/\/dev.ubizportugal.pt\/friends4travel\/wp-json\/wp\/v2\/media?parent=531"}],"curies":[{"name":"wp","href":"https:\/\/api.w.org\/{rel}","templated":true}]}}