{"id":45,"date":"2023-09-04T19:17:17","date_gmt":"2023-09-04T19:17:17","guid":{"rendered":"https:\/\/ubizportugal.pt\/cub%C3%ADcullum\/index.php\/about\/"},"modified":"2023-09-22T13:56:28","modified_gmt":"2023-09-22T13:56:28","slug":"sobre","status":"publish","type":"page","link":"https:\/\/dev.ubizportugal.pt\/cubicullum\/index.php\/sobre\/","title":{"rendered":"Sobre"},"content":{"rendered":"\n\n\n<h4>Mais sobre n\u00f3s<\/h4>\n\n\n\n\n\n\n\n\n\n\n\n<h3>Miss\u00e3o<\/h3>\n<span style=\"color:#ffffff;\"><p style=\"text-align: left;\">A nossa miss\u00e3o \u00e9 proporcionar momentos relaxantes e de divers\u00e3o aos nossos h\u00f3spedes atrav\u00e9s da vivencia na cidade invicta . Uma casa com uma localiza\u00e7\u00e3o privilegiada , pr\u00f3xima \u00e0s caves de vinhos do Porto , ponte D Luis e a metros da melhor vista para o por do sol da cidade , o jardim do Morro. Sem sequer ter de usar transportes.<\/p><p style=\"text-align: left;\">Ser\u00e3o dias dias plenos de mem\u00f3rias doces.<\/p><\/span><p style=\"text-align: center\"><\/p>\n\n\n\n\n\n\n<h3>Vis\u00e3o<\/h3>\n<span style=\"color:#ffffff;\"><p data-pm-slice=\"1 1 []\" style=\"text-align: left;\">Formados em hist\u00f3ria e apaixonados por estas 2 margens da cidade do Porto e Gaia acreditamos que conseguiremos tocar mais as pessoas para a preserva\u00e7\u00e3o da nossa hist\u00f3ria , da nossa arte do nosso artesanato, e da gastronomia.<\/p><p style=\"text-align: left;\">Quem nos visita pode desfrutar e observar de v\u00e1rias pe\u00e7as e antiguidades para n\u00e3o esquecerem quem somos e de onde vimos.<\/p><\/span><p style=\"text-align: center\"><\/p>\n<span style=\"color:#ffffff;\"><p data-pm-slice=\"1 1 []\"><br><\/p><\/span><p style=\"text-align: center\"><\/p>\n\n\n\n\n\n\n<h3>&nbsp;<span style=\"color:#b0974a;\">Valores<\/span><\/h3>\n<p data-pm-slice=\"1 1 []\" style=\"color: rgb(255, 255, 255); text-align: left;\">Cultivar rela\u00e7\u00f5es de partilha com pessoas vindas de v\u00e1rias partes do globo. Trocarmos conhecimento , darmos parte de n\u00f3s com transpar\u00eancia, respeito pelas v\u00e1rias culturas e educa\u00e7\u00e3o.<\/p>\n<p><br><\/p>\n<p><br><\/p>\n<p><br><\/p>\n<p><br><\/p>\n\n\n\n\n\n\n\n\n<h4>Mais sobre n\u00f3s<\/h4>\n\n\n\n\n\n\n\n<h3 style=\"color: rgb(176, 151, 74);\">Nossa Hist\u00f3ria<\/h3>\n<p style=\"color: rgb(255, 255, 255);\">Constru\u00eddo cerca de 1820, foi destinado no andar de cima a alojar os engenheiros, e pintores d<span style=\"color:#ffffff;\"><\/span>e cer\u00e2mica que eram contratados pelas empresas de cer\u00e2mica que existiam em volta deste.<\/p>\n<p style=\"color: rgb(255, 255, 255);\">Foi alojamento at\u00e9 ao final da I Guerra Mundial, no in\u00edcio dos anos 20 do s\u00e9culo passado e ate ao final dos anos 50, e segundo as pessoas mais idosas da zona ter\u00e1 sido um bordel.<\/p>\n<p><u style=\"color: rgb(176, 151, 74);\">Ler mais.<\/u><\/p>\n\n\n\n\n<h4 style=\"color: rgb(255, 255, 255);\">Somos apaixonados por Hist\u00f3ria<\/h4>\n\n\n\n\n<h3>Modalidades<\/h3>\n\n\n\n\n<p>Criamos para si um voucher para que possa oferecer sorrisos a quem ama e que esse gesto seja eterno.&nbsp;<\/p><span style=\"color:#b0974a;\"><p><\/p><p><u>(sob consulta)<\/u><\/p><\/span><p><u><\/u><\/p>\n\n\n<p>Uma despedida de solteira, um anivers\u00e1rio, uma reuni\u00e3o da empresa , podemos ajudar com sugest\u00f5es e na organiza\u00e7\u00e3o.<\/p><p><u style=\"color: rgb(176, 151, 74);\">(sob consulta)<\/u><br><\/p>\n\n\n<p>Podem ter a casa s\u00f3 para o grupo mediante numero de reservas e aproveitar a mesma ao m\u00e1ximo sem limita\u00e7\u00f5es. Contribu\u00edmos com um mimo na chegada!&nbsp;<\/p><p><u style=\"color: rgb(176, 151, 74);\">(sob consulta)<\/u><br><\/p>\n\n\n\n\n<h4>Mais sobre n\u00f3s<\/h4>\n\n\n\n\n<h3 style=\"color: rgb(176, 151, 74);\">Depoimentos<\/h3>\n\n\n\n\n<span style=\"color:#ffffff;\"><p>Quartos 5,0 Servi\u00e7o 5,0 Localiza\u00e7\u00e3o 5,0<\/p><p>Destaques do hotel Vista linda \u00b7 Tranquilo \u00b7 Ideal para crian\u00e7as \u00b7 Bom pre\u00e7o<\/p><p>Quartos Confort\u00e1vel<\/p><p>Seguran\u00e7a Seguran\u00e7a fora do normal, voc\u00ea pode sair a hora que quiser<\/p><p>Facilidade de deslocamento a p\u00e9 Muito pr\u00f3ximo ao metr\u00f4<\/p><\/span><p><\/p>\n\n\n<p style=\"color: rgb(255, 255, 255);\">Boa localiza\u00e7\u00e3o, l<span style=\"background-color:#00000000;\"><span style=\"\"><\/span><\/span>ocal sossegado, com \u00f3ptimos acessos a transportes p\u00fablicos. O anfitri\u00e3o muito simp\u00e1tico e preocupado com o bem estar dos h\u00f3spedes. limpo. Aconselho .<\/p>\n\n\n<p style=\"color: rgb(255, 255, 255);\">Estadia perfeita. O hostel tem<\/p><p style=\"color: rgb(255, 255, 255);\">tudo o que voc\u00ea precisa. O lugar \u00e9 tranquilo, perfeito para<\/p><p style=\"color: rgb(255, 255, 255);\">descansar.<\/p><p style=\"color: rgb(255, 255, 255);\">O Anfitri\u00e3o foi muito gentil, ele<\/p><p style=\"color: rgb(255, 255, 255);\">nos recebeu e foi muito atencioso!<\/p><p style=\"color: rgb(255, 255, 255);\">Recomendo este hostel 100%<\/p>\n\n\n\n\n<h4>Mais sobre n\u00f3s<\/h4>\n\n\n\n\n\n\n\n\n","protected":false},"excerpt":{"rendered":"","protected":false},"author":0,"featured_media":0,"parent":0,"menu_order":0,"comment_status":"closed","ping_status":"closed","template":"","meta":{"pagelayer_contact_templates":[],"_pagelayer_content":"","footnotes":""},"class_list":["post-45","page","type-page","status-publish","hentry"],"yoast_head":"<!-- This site is optimized with the Yoast SEO plugin v23.5 - https:\/\/yoast.com\/wordpress\/plugins\/seo\/ -->\n<title>Sobre - cub&iacute;cullum<\/title>\n<meta name=\"robots\" content=\"index, follow, max-snippet:-1, max-image-preview:large, max-video-preview:-1\" \/>\n<link rel=\"canonical\" href=\"https:\/\/dev.ubizportugal.pt\/cubicullum\/index.php\/sobre\/\" \/>\n<meta property=\"og:locale\" content=\"en_US\" \/>\n<meta property=\"og:type\" content=\"article\" \/>\n<meta property=\"og:title\" content=\"Sobre - cub&iacute;cullum\" \/>\n<meta property=\"og:url\" content=\"https:\/\/dev.ubizportugal.pt\/cubicullum\/index.php\/sobre\/\" \/>\n<meta property=\"og:site_name\" content=\"cub&iacute;cullum\" \/>\n<meta property=\"article:publisher\" content=\"https:\/\/www.facebook.com\/Cubicullum\" \/>\n<meta property=\"article:modified_time\" content=\"2023-09-22T13:56:28+00:00\" \/>\n<meta name=\"twitter:card\" content=\"summary_large_image\" \/>\n<meta name=\"twitter:label1\" content=\"Est. reading time\" \/>\n\t<meta name=\"twitter:data1\" content=\"2 minutes\" \/>\n<script type=\"application\/ld+json\" class=\"yoast-schema-graph\">{\"@context\":\"https:\/\/schema.org\",\"@graph\":[{\"@type\":\"WebPage\",\"@id\":\"https:\/\/dev.ubizportugal.pt\/cubicullum\/index.php\/sobre\/\",\"url\":\"https:\/\/dev.ubizportugal.pt\/cubicullum\/index.php\/sobre\/\",\"name\":\"Sobre - cub&iacute;cullum\",\"isPartOf\":{\"@id\":\"https:\/\/dev.ubizportugal.pt\/cubicullum\/#website\"},\"datePublished\":\"2023-09-04T19:17:17+00:00\",\"dateModified\":\"2023-09-22T13:56:28+00:00\",\"breadcrumb\":{\"@id\":\"https:\/\/dev.ubizportugal.pt\/cubicullum\/index.php\/sobre\/#breadcrumb\"},\"inLanguage\":\"en-US\",\"potentialAction\":[{\"@type\":\"ReadAction\",\"target\":[\"https:\/\/dev.ubizportugal.pt\/cubicullum\/index.php\/sobre\/\"]}]},{\"@type\":\"BreadcrumbList\",\"@id\":\"https:\/\/dev.ubizportugal.pt\/cubicullum\/index.php\/sobre\/#breadcrumb\",\"itemListElement\":[{\"@type\":\"ListItem\",\"position\":1,\"name\":\"Home\",\"item\":\"https:\/\/dev.ubizportugal.pt\/cubicullum\/\"},{\"@type\":\"ListItem\",\"position\":2,\"name\":\"Sobre\"}]},{\"@type\":\"WebSite\",\"@id\":\"https:\/\/dev.ubizportugal.pt\/cubicullum\/#website\",\"url\":\"https:\/\/dev.ubizportugal.pt\/cubicullum\/\",\"name\":\"Cub\u00edcullum\",\"description\":\"turism apartments rooms\",\"publisher\":{\"@id\":\"https:\/\/dev.ubizportugal.pt\/cubicullum\/#organization\"},\"potentialAction\":[{\"@type\":\"SearchAction\",\"target\":{\"@type\":\"EntryPoint\",\"urlTemplate\":\"https:\/\/dev.ubizportugal.pt\/cubicullum\/?s={search_term_string}\"},\"query-input\":{\"@type\":\"PropertyValueSpecification\",\"valueRequired\":true,\"valueName\":\"search_term_string\"}}],\"inLanguage\":\"en-US\"},{\"@type\":\"Organization\",\"@id\":\"https:\/\/dev.ubizportugal.pt\/cubicullum\/#organization\",\"name\":\"Cub\u00edcullum\",\"url\":\"https:\/\/dev.ubizportugal.pt\/cubicullum\/\",\"logo\":{\"@type\":\"ImageObject\",\"inLanguage\":\"en-US\",\"@id\":\"https:\/\/dev.ubizportugal.pt\/cubicullum\/#\/schema\/logo\/image\/\",\"url\":\"https:\/\/dev.ubizportugal.pt\/cubicullum\/wp-content\/uploads\/2023\/09\/cropped-cropped-Design-sem-nome-2.png\",\"contentUrl\":\"https:\/\/dev.ubizportugal.pt\/cubicullum\/wp-content\/uploads\/2023\/09\/cropped-cropped-Design-sem-nome-2.png\",\"width\":512,\"height\":512,\"caption\":\"Cub\u00edcullum\"},\"image\":{\"@id\":\"https:\/\/dev.ubizportugal.pt\/cubicullum\/#\/schema\/logo\/image\/\"},\"sameAs\":[\"https:\/\/www.facebook.com\/Cubicullum\",\"https:\/\/www.instagram.com\/cubiculum_gaya_rooms\/\"]}]}<\/script>\n<!-- \/ Yoast SEO plugin. -->","yoast_head_json":{"title":"Sobre - cub&iacute;cullum","robots":{"index":"index","follow":"follow","max-snippet":"max-snippet:-1","max-image-preview":"max-image-preview:large","max-video-preview":"max-video-preview:-1"},"canonical":"https:\/\/dev.ubizportugal.pt\/cubicullum\/index.php\/sobre\/","og_locale":"en_US","og_type":"article","og_title":"Sobre - cub&iacute;cullum","og_url":"https:\/\/dev.ubizportugal.pt\/cubicullum\/index.php\/sobre\/","og_site_name":"cub&iacute;cullum","article_publisher":"https:\/\/www.facebook.com\/Cubicullum","article_modified_time":"2023-09-22T13:56:28+00:00","twitter_card":"summary_large_image","twitter_misc":{"Est. reading time":"2 minutes"},"schema":{"@context":"https:\/\/schema.org","@graph":[{"@type":"WebPage","@id":"https:\/\/dev.ubizportugal.pt\/cubicullum\/index.php\/sobre\/","url":"https:\/\/dev.ubizportugal.pt\/cubicullum\/index.php\/sobre\/","name":"Sobre - cub&iacute;cullum","isPartOf":{"@id":"https:\/\/dev.ubizportugal.pt\/cubicullum\/#website"},"datePublished":"2023-09-04T19:17:17+00:00","dateModified":"2023-09-22T13:56:28+00:00","breadcrumb":{"@id":"https:\/\/dev.ubizportugal.pt\/cubicullum\/index.php\/sobre\/#breadcrumb"},"inLanguage":"en-US","potentialAction":[{"@type":"ReadAction","target":["https:\/\/dev.ubizportugal.pt\/cubicullum\/index.php\/sobre\/"]}]},{"@type":"BreadcrumbList","@id":"https:\/\/dev.ubizportugal.pt\/cubicullum\/index.php\/sobre\/#breadcrumb","itemListElement":[{"@type":"ListItem","position":1,"name":"Home","item":"https:\/\/dev.ubizportugal.pt\/cubicullum\/"},{"@type":"ListItem","position":2,"name":"Sobre"}]},{"@type":"WebSite","@id":"https:\/\/dev.ubizportugal.pt\/cubicullum\/#website","url":"https:\/\/dev.ubizportugal.pt\/cubicullum\/","name":"Cub\u00edcullum","description":"turism apartments rooms","publisher":{"@id":"https:\/\/dev.ubizportugal.pt\/cubicullum\/#organization"},"potentialAction":[{"@type":"SearchAction","target":{"@type":"EntryPoint","urlTemplate":"https:\/\/dev.ubizportugal.pt\/cubicullum\/?s={search_term_string}"},"query-input":{"@type":"PropertyValueSpecification","valueRequired":true,"valueName":"search_term_string"}}],"inLanguage":"en-US"},{"@type":"Organization","@id":"https:\/\/dev.ubizportugal.pt\/cubicullum\/#organization","name":"Cub\u00edcullum","url":"https:\/\/dev.ubizportugal.pt\/cubicullum\/","logo":{"@type":"ImageObject","inLanguage":"en-US","@id":"https:\/\/dev.ubizportugal.pt\/cubicullum\/#\/schema\/logo\/image\/","url":"https:\/\/dev.ubizportugal.pt\/cubicullum\/wp-content\/uploads\/2023\/09\/cropped-cropped-Design-sem-nome-2.png","contentUrl":"https:\/\/dev.ubizportugal.pt\/cubicullum\/wp-content\/uploads\/2023\/09\/cropped-cropped-Design-sem-nome-2.png","width":512,"height":512,"caption":"Cub\u00edcullum"},"image":{"@id":"https:\/\/dev.ubizportugal.pt\/cubicullum\/#\/schema\/logo\/image\/"},"sameAs":["https:\/\/www.facebook.com\/Cubicullum","https:\/\/www.instagram.com\/cubiculum_gaya_rooms\/"]}]}},"_links":{"self":[{"href":"https:\/\/dev.ubizportugal.pt\/cubicullum\/index.php\/wp-json\/wp\/v2\/pages\/45","targetHints":{"allow":["GET"]}}],"collection":[{"href":"https:\/\/dev.ubizportugal.pt\/cubicullum\/index.php\/wp-json\/wp\/v2\/pages"}],"about":[{"href":"https:\/\/dev.ubizportugal.pt\/cubicullum\/index.php\/wp-json\/wp\/v2\/types\/page"}],"replies":[{"embeddable":true,"href":"https:\/\/dev.ubizportugal.pt\/cubicullum\/index.php\/wp-json\/wp\/v2\/comments?post=45"}],"version-history":[{"count":29,"href":"https:\/\/dev.ubizportugal.pt\/cubicullum\/index.php\/wp-json\/wp\/v2\/pages\/45\/revisions"}],"predecessor-version":[{"id":417,"href":"https:\/\/dev.ubizportugal.pt\/cubicullum\/index.php\/wp-json\/wp\/v2\/pages\/45\/revisions\/417"}],"wp:attachment":[{"href":"https:\/\/dev.ubizportugal.pt\/cubicullum\/index.php\/wp-json\/wp\/v2\/media?parent=45"}],"curies":[{"name":"wp","href":"https:\/\/api.w.org\/{rel}","templated":true}]}}